{"id":2131,"date":"2019-06-04T16:20:51","date_gmt":"2019-06-04T13:20:51","guid":{"rendered":"https:\/\/primadev-backup.digitalpartners.dev\/proiecte\/"},"modified":"2021-06-14T19:11:54","modified_gmt":"2021-06-14T16:11:54","slug":"projects","status":"publish","type":"page","link":"https:\/\/primadev-backup.digitalpartners.dev\/en\/projects\/","title":{"rendered":"Projects"},"content":{"rendered":"<p><!--vcv no format--><\/p>\n<div class=\"vce-row-container\">\n<div class=\"vce-row vce-row--col-gap-30 vce-row-columns--top vce-row-content--top\" id=\"el-4f14198d\" data-vce-do-apply=\"all el-4f14198d\">\n<div class=\"vce-row-content\" data-vce-element-content=\"true\">\n<div class=\"vce-col vce-col--md-auto vce-col--xs-1 vce-col--xs-last vce-col--xs-first vce-col--sm-last vce-col--sm-first vce-col--md-last vce-col--lg-last vce-col--xl-last vce-col--md-first vce-col--lg-first vce-col--xl-first\" id=\"el-3b226b40\">\n<div class=\"vce-col-inner\" data-vce-do-apply=\"border margin background  el-3b226b40\">\n<div class=\"vce-col-content\" data-vce-element-content=\"true\" data-vce-do-apply=\"padding el-3b226b40\">\n<div class=\"vce-text-block h2\">\n<div class=\"vce-text-block-wrapper vce\" id=\"el-43dcceb1\" data-vce-do-apply=\"all el-43dcceb1\">Prima Development Group dezvolt\u0103 proiecte<br \/>\nde referin\u021b\u0103 pentru mediul imobiliar din Rom\u00e2nia<\/div>\n<\/div>\n<\/div>\n<\/div>\n<\/div>\n<\/div>\n<\/div>\n<\/div>\n<div class=\"vce-row-container\">\n<div class=\"vce-row vce-row--col-gap-30 vce-row-columns--top vce-row-content--top\" id=\"el-c8c444a3\" data-vce-do-apply=\"all el-c8c444a3\">\n<div class=\"vce-row-content\" data-vce-element-content=\"true\">\n<div class=\"vce-col vce-col--md-auto vce-col--xs-1 vce-col--xs-last vce-col--xs-first vce-col--sm-last vce-col--sm-first vce-col--md-first vce-col--lg-first vce-col--xl-first\" id=\"el-8c5799eb\">\n<div class=\"vce-col-inner\" data-vce-do-apply=\"border margin background  el-8c5799eb\">\n<div class=\"vce-col-content\" data-vce-element-content=\"true\" data-vce-do-apply=\"padding el-8c5799eb\">\n<div class=\"vce-text-block\">\n<div class=\"vce-text-block-wrapper vce\" id=\"el-d485b954\" data-vce-do-apply=\"all el-d485b954\">\u00cen\u021belegem cerin\u021bele \u0219i nevoile pietei imobiliare, astfel ca rezultatele ob\u021binute de compania<br \/>\nnoastr\u0103 reprezint\u0103 o consecin\u021b\u0103 a orient\u0103rii spre inova\u021bie, evolu\u021bie \u0219i modernitate. \u00centr-un<br \/>\nmediu concuren\u021bial din ce \u00een ce mai complex \u0219i dinamic, am ales s\u0103 ne impunem, \u00een acord cu<br \/>\nvalorile noastre, prin calitatea, func\u021bionalitatea \u0219i siguran\u021ba construc\u021biei.<\/div>\n<\/div>\n<\/div>\n<\/div>\n<\/div>\n<div class=\"vce-col vce-col--md-auto vce-col--xs-1 vce-col--xs-last vce-col--xs-first vce-col--sm-last vce-col--sm-first\" id=\"el-f5f348b1\">\n<div class=\"vce-col-inner\" data-vce-do-apply=\"border margin background  el-f5f348b1\">\n<div class=\"vce-col-content\" data-vce-element-content=\"true\" data-vce-do-apply=\"padding el-f5f348b1\">\n<div class=\"vce-text-block\">\n<div class=\"vce-text-block-wrapper vce\" id=\"el-0b378f69\" data-vce-do-apply=\"all el-0b378f69\">Suntem focusa\u021bi pe armonia dintre segmentele care compun un stil de via\u021b\u0103 premium, fapt<br \/>\npentru care elemente precum calitatea materialelor cl\u0103dirii \u0219i a finisajelor interioare, stilul<br \/>\narhitectural, loca\u021bia \u0219i avantajele acesteia s\u0103 reprezinte referin\u021be plus valoare ale proiectelor<br \/>\nPrima Development Group.<\/div>\n<\/div>\n<\/div>\n<\/div>\n<\/div>\n<div class=\"vce-col vce-col--md-auto vce-col--xs-1 vce-col--xs-last vce-col--xs-first vce-col--sm-last vce-col--sm-first vce-col--md-last vce-col--lg-last vce-col--xl-last\" id=\"el-36c1890c\">\n<div class=\"vce-col-inner\" data-vce-do-apply=\"border margin background  el-36c1890c\">\n<div class=\"vce-col-content\" data-vce-element-content=\"true\" data-vce-do-apply=\"padding el-36c1890c\"><\/div>\n<\/div>\n<\/div>\n<\/div>\n<\/div>\n<\/div>\n<p><!--vcv no format--><\/p>\n","protected":false},"excerpt":{"rendered":"<p>Prima Development Group dezvolt\u0103 proiecte de referin\u021b\u0103 pentru mediul imobiliar din Rom\u00e2nia \u00cen\u021belegem cerin\u021bele \u0219i nevoile pietei imobiliare, astfel ca rezultatele ob\u021binute de compania noastr\u0103 reprezint\u0103 o consecin\u021b\u0103 a orient\u0103rii spre inova\u021bie, evolu\u021bie \u0219i modernitate. \u00centr-un mediu concuren\u021bial din ce<\/p>\n","protected":false},"author":1,"featured_media":0,"parent":0,"menu_order":0,"comment_status":"closed","ping_status":"closed","template":"templates\/template-projects.php","meta":{"_acf_changed":false,"footnotes":""},"class_list":["post-2131","page","type-page","status-publish","hentry"],"acf":[],"_links":{"self":[{"href":"https:\/\/primadev-backup.digitalpartners.dev\/en\/wp-json\/wp\/v2\/pages\/2131","targetHints":{"allow":["GET"]}}],"collection":[{"href":"https:\/\/primadev-backup.digitalpartners.dev\/en\/wp-json\/wp\/v2\/pages"}],"about":[{"href":"https:\/\/primadev-backup.digitalpartners.dev\/en\/wp-json\/wp\/v2\/types\/page"}],"author":[{"embeddable":true,"href":"https:\/\/primadev-backup.digitalpartners.dev\/en\/wp-json\/wp\/v2\/users\/1"}],"replies":[{"embeddable":true,"href":"https:\/\/primadev-backup.digitalpartners.dev\/en\/wp-json\/wp\/v2\/comments?post=2131"}],"version-history":[{"count":2,"href":"https:\/\/primadev-backup.digitalpartners.dev\/en\/wp-json\/wp\/v2\/pages\/2131\/revisions"}],"predecessor-version":[{"id":4033,"href":"https:\/\/primadev-backup.digitalpartners.dev\/en\/wp-json\/wp\/v2\/pages\/2131\/revisions\/4033"}],"wp:attachment":[{"href":"https:\/\/primadev-backup.digitalpartners.dev\/en\/wp-json\/wp\/v2\/media?parent=2131"}],"curies":[{"name":"wp","href":"https:\/\/api.w.org\/{rel}","templated":true}]}}